{"id":2,"date":"2023-01-03T10:18:22","date_gmt":"2023-01-03T15:18:22","guid":{"rendered":"https:\/\/fightclub1947.com\/?page_id=2"},"modified":"2026-03-30T14:41:50","modified_gmt":"2026-03-30T18:41:50","slug":"sample-page","status":"publish","type":"page","link":"https:\/\/fightclub1947.com\/fr\/","title":{"rendered":"Accueil"},"content":{"rendered":"<section class=\"homeslider-container\">\n<div class=\"live-shortcode\"><div id=\"metaslider-id-46\" style=\"width: 100%;\" class=\"ml-slider-3-99-0 metaslider metaslider-flex metaslider-46 ml-slider ms-theme-default\" role=\"region\" aria-label=\"Home slider\" data-width=\"1920\">\n    <div id=\"metaslider_container_46\">\n        <div id=\"metaslider_46\">\n            <ul class='slides'>\n                <li style=\"display: block; width: 100%;\" class=\"slide-148 ms-image \" aria-roledescription=\"slide\" data-date=\"2023-01-04 14:47:31\"><img loading=\"lazy\" decoding=\"async\" src=\"https:\/\/fightclub1947.com\/wp-content\/uploads\/2023\/01\/slide1-1.jpg\" height=\"1080\" width=\"1920\" alt=\"\" class=\"slider-46 slide-148 msDefaultImage\" title=\"slide1\" \/><\/li>\n                <li style=\"display: none; width: 100%;\" class=\"slide-149 ms-image \" aria-roledescription=\"slide\" data-date=\"2023-01-04 14:47:31\"><img loading=\"lazy\" decoding=\"async\" src=\"https:\/\/fightclub1947.com\/wp-content\/uploads\/2023\/01\/slide2-1.jpg\" height=\"1080\" width=\"1920\" alt=\"\" class=\"slider-46 slide-149 msDefaultImage\" title=\"slide2\" \/><\/li>\n                <li style=\"display: none; width: 100%;\" class=\"slide-150 ms-image \" aria-roledescription=\"slide\" data-date=\"2023-01-04 14:47:31\"><img loading=\"lazy\" decoding=\"async\" src=\"https:\/\/fightclub1947.com\/wp-content\/uploads\/2023\/01\/slide3-1.jpg\" height=\"1080\" width=\"1920\" alt=\"\" class=\"slider-46 slide-150 msDefaultImage\" title=\"slide3\" \/><\/li>\n            <\/ul>\n        <\/div>\n        \n    <\/div>\n<\/div><\/div>\n<div class=\"container\">\n<div class=\"row\">\n<div class=\"col-md-4 col-lg-3 col-xl-4 col-xxl-3\">\n<div class=\"lc-block d-none d-md-block\">\n\t\t\t\t\t<picture><source srcset=\"https:\/\/fightclub1947.com\/wp-content\/uploads\/2023\/01\/top-banner-logo.webp\" type=\"image\/webp\"><img loading=\"lazy\" decoding=\"async\" class=\"img-fluid wp-image-58\" src=\"https:\/\/fightclub1947.com\/wp-content\/uploads\/2023\/01\/top-banner-logo.png\" srcset=\"https:\/\/fightclub1947.com\/wp-content\/uploads\/2023\/01\/top-banner-logo.png 449w, https:\/\/fightclub1947.com\/wp-content\/uploads\/2023\/01\/top-banner-logo-300x223.png 300w, https:\/\/fightclub1947.com\/wp-content\/uploads\/2023\/01\/top-banner-logo-403x300.png 403w\" sizes=\"auto, (max-width: 449px) 100vw, 449px\" alt=\"\" width=\"449\" height=\"334\"><\/picture>\n\t\t\t\t<\/div>\n<p><!-- \/lc-block --><\/p>\n<div class=\"lc-block\">\n<div editable=\"rich\">\n<p> R\u00e9servez votre<br \/>plage horaire<\/p>\n<\/p><\/div>\n<\/p><\/div>\n<p><!-- \/lc-block --><\/p>\n<div class=\"lc-block\">\n<div lc-helper=\"shortcode\" class=\"live-shortcode\"><a class=\"btn contact underline\" href=\"https:\/\/fightclub1947.com\/fr\/reserver\/\" aria-label=\"R&eacute;server\">R\u00e9server<\/a><\/div>\n<\/p><\/div>\n<p><!-- \/lc-block -->\n\t\t\t<\/div>\n<p><!-- \/col --><\/p>\n<div class=\"col-lg-9 col-xl-8 col-xxl-9 d-none\">\n<div class=\"lc-block\"><\/div>\n<p><!-- \/lc-block -->\n\t\t\t<\/div>\n<p><!-- \/col -->\n\t\t<\/div>\n<\/p><\/div>\n<\/section>\n<section class=\"schedulelinks-container\">\n<div class=\"container\">\n<div class=\"row no-gutters justify-content-center\">\n<div class=\"col-sm-6 col-lg-3 col-xxl-auto\">\n\t\t\t\t<a href=\"https:\/\/fightclub1947.com\/fr\/reserver\/\" class=\"service-link\"><\/p>\n<div class=\"lc-block\">\n\t\t\t\t\t\t<picture><source srcset=\"https:\/\/fightclub1947.com\/wp-content\/uploads\/2023\/01\/boxing-bg.webp\" type=\"image\/webp\"><img loading=\"lazy\" decoding=\"async\" class=\"img-fluid wp-image-69\" src=\"https:\/\/fightclub1947.com\/wp-content\/uploads\/2023\/01\/boxing-bg.jpg\" srcset=\"https:\/\/fightclub1947.com\/wp-content\/uploads\/2023\/01\/boxing-bg.jpg 384w, https:\/\/fightclub1947.com\/wp-content\/uploads\/2023\/01\/boxing-bg-173x300.jpg 173w\" sizes=\"auto, (max-width: 384px) 100vw, 384px\" alt=\"\" width=\"384\" height=\"665\"><\/picture>\n\t\t\t\t\t<\/div>\n<p><!-- \/lc-block --><\/p>\n<div class=\"link-content\">\n<div class=\"lc-block\">\n<div editable=\"rich\">\n<p>Cours de boxing<br \/>et kickboxing<\/p>\n<\/p><\/div>\n<\/p><\/div>\n<p><!-- \/lc-block --><\/p>\n<div class=\"lc-block\">\n\t\t\t\t\t\t\t<span class=\"btn contact white-transparent\">Consuter l&rsquo;horaire<\/span>\n\t\t\t\t\t\t<\/div>\n<p><!-- \/lc-block -->\n\t\t\t\t\t<\/div>\n<p>\t\t\t\t<\/a>\n\t\t\t<\/div>\n<p><!-- \/col --><br \/>\n\t\t\t<!--\n\n<div class=\"col-sm-6 col-lg-3 col-xxl-auto\">\n\t\t\t<a href=\"[page_link page_id='188']\" class=\"service-link\">\n\t\t\t\t\n\n<div class=\"lc-block\">\n\t\t\t\t\t<picture><source srcset=\"https:\/\/fightclub1947.com\/wp-content\/uploads\/2023\/01\/smoothie-bg.webp\" type=\"image\/webp\"><img loading=\"lazy\" decoding=\"async\" class=\"img-fluid wp-image-73\" src=\"https:\/\/fightclub1947.com\/wp-content\/uploads\/2023\/01\/smoothie-bg.jpg\" srcset=\"https:\/\/fightclub1947.com\/wp-content\/uploads\/2023\/01\/smoothie-bg.jpg 385w, https:\/\/fightclub1947.com\/wp-content\/uploads\/2023\/01\/smoothie-bg-174x300.jpg 174w\" sizes=\"auto, (max-width: 385px) 100vw, 385px\" alt=\"\" width=\"385\" height=\"665\"><\/picture>\n\t\t\t\t<\/div>\n\n--><br \/>\n\t\t\t<!-- \/lc-block --><br \/>\n\t\t\t<!--\n\n<div class=\"link-content\">\n\t\t\t\t\t\n\n<div class=\"lc-block\">\n\t\t\t\t\t\t\n\n<div editable=\"rich\">\n\t\t\t\t\t\t\t\n\n<p>Bar&nbsp;<br \/>\u00e0 smoothie<\/p>\n\n\n\t\t\t\t\t\t<\/div>\n\n\n\t\t\t\t\t<\/div>\n\n--><br \/>\n\t\t\t<!-- \/lc-block --><br \/>\n\t\t\t<!--\n\n<div class=\"lc-block\">\n\t\t\t\t\t\t<span class=\"btn contact white-transparent\">D\u00e9couvrir<\/span>\n\t\t\t\t\t<\/div>\n\n--><br \/>\n\t\t\t<!-- \/lc-block --><br \/>\n\t\t\t<!--<\/div>\n\n\n\t\t\t<\/a>\n\t\t<\/div>\n\n--><br \/>\n\t\t\t<!-- \/col --><\/p>\n<div class=\"col-sm-6 col-lg-3 col-xxl-auto\"><a href=\"https:\/\/fightclub1947.com\/fr\/boutique\/\" class=\"service-link\"><\/p>\n<div class=\"lc-block\">\n\t\t\t\t\t\t<picture><source srcset=\"https:\/\/fightclub1947.com\/wp-content\/uploads\/2023\/08\/gloves.webp\" type=\"image\/webp\"><img loading=\"lazy\" decoding=\"async\" class=\"img-fluid wp-image-79\" src=\"https:\/\/fightclub1947.com\/wp-content\/uploads\/2023\/08\/gloves.jpg\" srcset=\"https:\/\/fightclub1947.com\/wp-content\/uploads\/2023\/08\/gloves.jpg 385w, https:\/\/fightclub1947.com\/wp-content\/uploads\/2023\/08\/gloves-174x300.jpg 174w\" sizes=\"auto, (max-width: 385px) 100vw, 385px\" alt=\"\" width=\"385\" height=\"665\"><\/picture>\n<\/p><\/div>\n<p><!-- \/lc-block --><\/p>\n<div class=\"link-content\">\n<div class=\"lc-block\">\n<div editable=\"rich\">\n<p>Boutique&nbsp;<br \/>en ligne<\/p>\n<\/p><\/div>\n<\/p><\/div>\n<p>\t\t\t\t\t\t<!-- \/lc-block --><\/p>\n<div class=\"lc-block\">\n\t\t\t\t\t\t\t<span class=\"btn contact white-transparent\">D\u00e9couvrir<\/span>\n\t\t\t\t\t\t<\/div>\n<p><!-- \/lc-block --><\/p><\/div>\n<p>\t\t\t\t<\/a><\/div>\n<p>\t\t\t<!-- \/col --><\/p>\n<div class=\"col-sm-6 col-lg-3 col-xxl-auto\">\n\t\t\t\t<a href=\"https:\/\/fightclub1947.com\/fr\/a-propos\/niveau-1\/\" class=\"service-link\"><\/p>\n<div class=\"lc-block\">\n\t\t\t\t\t\t<picture><source srcset=\"https:\/\/fightclub1947.com\/wp-content\/uploads\/2023\/01\/programme-bg-1.webp\" type=\"image\/webp\"><img loading=\"lazy\" decoding=\"async\" class=\"img-fluid wp-image-77\" src=\"https:\/\/fightclub1947.com\/wp-content\/uploads\/2023\/01\/programme-bg-1.jpg\" srcset=\"https:\/\/fightclub1947.com\/wp-content\/uploads\/2023\/01\/programme-bg-1.jpg 385w, https:\/\/fightclub1947.com\/wp-content\/uploads\/2023\/01\/programme-bg-1-174x300.jpg 174w\" sizes=\"auto, (max-width: 385px) 100vw, 385px\" alt=\"\" width=\"385\" height=\"665\"><\/picture>\n\t\t\t\t\t<\/div>\n<p><!-- \/lc-block --><\/p>\n<div class=\"link-content\">\n<div class=\"lc-block\">\n<div editable=\"rich\">\n<p>\u00c0 propos de nos<br \/>programmes<\/p>\n<\/p><\/div>\n<\/p><\/div>\n<p><!-- \/lc-block --><\/p>\n<div class=\"lc-block\">\n\t\t\t\t\t\t\t<span class=\"btn contact white-transparent\">D\u00e9couvrir<\/span>\n\t\t\t\t\t\t<\/div>\n<p><!-- \/lc-block -->\n\t\t\t\t\t<\/div>\n<p>\t\t\t\t<\/a>\n\t\t\t<\/div>\n<p><!-- \/col --><\/p><\/div>\n<\/p><\/div>\n<\/section>\n<section class=\"content-container home\">\n<div class=\"container\">\n<div class=\"row align-items-center\">\n<div class=\"col-lg-6 order-last order-lg-first\">\n<div class=\"lc-block\">\n\t\t\t\t\t<picture><source srcset=\"https:\/\/fightclub1947.com\/wp-content\/uploads\/2023\/01\/propos-img.webp\" type=\"image\/webp\"><img loading=\"lazy\" decoding=\"async\" class=\"img-fluid wp-image-85\" src=\"https:\/\/fightclub1947.com\/wp-content\/uploads\/2023\/01\/propos-img.png\" srcset=\"https:\/\/fightclub1947.com\/wp-content\/uploads\/2023\/01\/propos-img.png 812w, https:\/\/fightclub1947.com\/wp-content\/uploads\/2023\/01\/propos-img-300x274.png 300w, https:\/\/fightclub1947.com\/wp-content\/uploads\/2023\/01\/propos-img-768x702.png 768w, https:\/\/fightclub1947.com\/wp-content\/uploads\/2023\/01\/propos-img-328x300.png 328w, https:\/\/fightclub1947.com\/wp-content\/uploads\/2023\/01\/propos-img-600x548.png 600w\" sizes=\"auto, (max-width: 812px) 100vw, 812px\" alt=\"\" width=\"812\" height=\"742\"><\/picture>\n\t\t\t\t<\/div>\n<p><!-- \/lc-block -->\n\t\t\t<\/div>\n<p><!-- \/col --><\/p>\n<div class=\"col-lg-6 order-first order-lg-last\">\n<div class=\"lc-block\">\n<div editable=\"rich\" class=\"pt-4 pt-xxl-0\">\n<h1>\u00c0 propos de <strong>Fight Club VAUDREUIL<\/strong><\/h1>\n<p>\t\t\t\t\t\t<!--\n\n<p>Le Fight Club 1947 est un gym amateur qui vous offre de l'\u00e9quipement de pro! Nous mettons \u00e0 la disposition de nos champions un ring de boxe de 24'x24' de format pro, et oui le seul gym de la r\u00e9gion de Vaudreuil-Dorion \u00e0 avoir cet \u00e9l\u00e9ment embl\u00e9matique! <\/p>\n\n\n\n\n<p>Notre octogone est sp\u00e9cialement con\u00e7u pour fournir aux combattants une ambiance authentique, tout en ayant l'allure vintage qui met en avant les prodigieux gants Leone North America. Notre gym est compos\u00e9e de 3 sections ; une section sp\u00e9cifiquement d\u00e9di\u00e9e \u00e0 la boxe, une au cardio et une derni\u00e8re d\u00e9di\u00e9e aux cours et traitements de soins. Notre gym b\u00e9n\u00e9ficie d'un bar \u00e0 smoothie, de shakes prot\u00e9in\u00e9s et bien plus!<\/p>\n\n--><\/p>\n<p>Nous sommes fiers de vous pr\u00e9senter notre salle de boxe, un endroit o\u00f9 la poursuite de l\u2019excellence va bien au-del\u00e0 des limites du ring. Nos principaux objectifs sont d\u2019am\u00e9liorer le mode de vie de chacun, de renforcer notre communaut\u00e9 et de former une formidable \u00e9quipe de combat pour les comp\u00e9titions.<\/p>\n<p>Chez Fight Club VAUDREUIL, la boxe est plus qu\u2019un sport ; c\u2019est un voyage transformateur qui permet \u00e0 tous de repousser leurs limites et de d\u00e9couvrir la force qui est en eux. Nous croyons fortement que la discipline, la d\u00e9termination et la camaraderie encourag\u00e9es au sein de notre \u00e9tablissement peuvent avoir un impact positif sur tous les aspects de la vie.<\/p>\n<p>Rejoignez-nous dans cette aventure puisque nous nous effor\u00e7ons \u00e0 am\u00e9liorer des vies, \u00e0 encourager une communaut\u00e9 soud\u00e9e et \u00e0 construire une formidable \u00e9quipe de combat qui apporte la gloire \u00e0 notre salle de sport et \u00e0 notre ville. Relevons le d\u00e9fi, surmontons les difficult\u00e9s et atteignons l\u2019excellence !<\/p>\n<\/p><\/div>\n<\/p><\/div>\n<p><!-- \/lc-block --><\/p>\n<div class=\"lc-block\">\n<div lc-helper=\"shortcode\" class=\"live-shortcode pb-4 pb-xxl-0\"><a class=\"btn contact\" href=\"https:\/\/fightclub1947.com\/fr\/a-propos\/\" aria-label=\"Lire plus\">Lire plus<\/a><\/div>\n<\/p><\/div>\n<p><!-- \/lc-block -->\n\t\t\t<\/div>\n<p><!-- \/col -->\n\t\t<\/div>\n<\/p><\/div>\n<\/section>\n<section class=\"hometemoignages-container\">\n<div class=\"container\">\n<div class=\"row\">\n<div class=\"col-lg-5\">\n<div class=\"lc-block h-100 home-temoignages\">\n<div lc-helper=\"shortcode\" class=\"live-shortcode w-100\"><h2>T\u00e9moignages<\/h2><div class=\"temoignages-list\"><div class=\"slides\"><div class=\"single-temoignage\"><p>\"&nbsp;Je m'entra\u00eene avec James depuis janvier et il m'a vraiment aid\u00e9 \u00e0 m'am\u00e9liorer en boxe. J'ai beaucoup plus de confiance gr\u00e2ce \u00e0 James, c'est un gars vraiment dr\u00f4le, bon avec les enfants, agr\u00e9able \u00e0 qui parler, c'est une tr\u00e8s bonne personne dans l'ensemble. Fight club est un excellent gym \u00e0 joindre en raison de l'environnement, les enfants avec lesquels vous pouvez travailler le rendent amusant et dans l'ensemble, c'est tr\u00e8s amusant de travaille avec tout le monde. Les entra\u00eeneurs et les apprentis de Fight club sont tr\u00e8s encourageants comme James et bien plus encore, ils aideront \u00e0 construire votre confiance.&nbsp;\"<\/p><p class=\"single-temoignage-author\">- Manny Urbano<\/p><\/div><div class=\"single-temoignage\"><p>\"&nbsp;J'ai essay\u00e9 pour la premi\u00e8re fois la boxe au gym fight club 1947 et cette exp\u00e9rience m'a donn\u00e9 envie de continuer! On se sent tout de suite accueilli par l'\u00e9quipe et les coachs sont excellents.&nbsp;\"<\/p><p class=\"single-temoignage-author\">- Laurence<\/p><\/div><\/div><\/div><\/div>\n<\/p><\/div>\n<p><!-- \/lc-block -->\n\t\t\t<\/div>\n<p><!-- \/col --><\/p>\n<div class=\"col-lg-7\">\n<div class=\"lc-block temoignages-img h-100\">\n\t\t\t\t\t<picture><source srcset=\"https:\/\/fightclub1947.com\/wp-content\/uploads\/2023\/01\/home-temoignages-img.webp\" type=\"image\/webp\"><img loading=\"lazy\" decoding=\"async\" class=\"img-fluid wp-image-91 h-100\" src=\"https:\/\/fightclub1947.com\/wp-content\/uploads\/2023\/01\/home-temoignages-img.jpg\" srcset=\"https:\/\/fightclub1947.com\/wp-content\/uploads\/2023\/01\/home-temoignages-img.jpg 1097w, https:\/\/fightclub1947.com\/wp-content\/uploads\/2023\/01\/home-temoignages-img-300x246.jpg 300w, https:\/\/fightclub1947.com\/wp-content\/uploads\/2023\/01\/home-temoignages-img-1024x838.jpg 1024w, https:\/\/fightclub1947.com\/wp-content\/uploads\/2023\/01\/home-temoignages-img-768x629.jpg 768w, https:\/\/fightclub1947.com\/wp-content\/uploads\/2023\/01\/home-temoignages-img-366x300.jpg 366w, https:\/\/fightclub1947.com\/wp-content\/uploads\/2023\/01\/home-temoignages-img-600x491.jpg 600w\" sizes=\"auto, (max-width: 1097px) 100vw, 1097px\" alt=\"\" width=\"1097\" height=\"898\"><\/picture>\n\t\t\t\t<\/div>\n<p><!-- \/lc-block -->\n\t\t\t<\/div>\n<p><!-- \/col -->\n\t\t<\/div>\n<\/p><\/div>\n<\/section>\n<section class=\"homecta-container\">\n<div class=\"container\">\n<div class=\"row\">\n<div class=\"col-lg-4 col-xxl-5\">\n<div class=\"lc-block\"><\/div>\n<p><!-- \/lc-block -->\n\t\t\t<\/div>\n<p><!-- \/col --><\/p>\n<div class=\"col-lg-8 col-xxl-7 text-center\">\n<div class=\"lc-block\">\n<div editable=\"rich\">\n<h2>Besoin d&rsquo;un entra\u00eeneur&nbsp;<br \/>ou d&rsquo;un gym<\/h2>\n<\/p><\/div>\n<\/p><\/div>\n<p><!-- \/lc-block --><\/p>\n<div class=\"lc-block\">\n<div lc-helper=\"shortcode\" class=\"live-shortcode\"><a class=\"btn contact white-transparent\" href=\"https:\/\/fightclub1947.com\/fr\/reserver\/\" aria-label=\"R&eacute;server ma plage horaire\">R\u00e9server ma plage horaire<\/a><\/div>\n<\/p><\/div>\n<p><!-- \/lc-block -->\n\t\t\t<\/div>\n<p><!-- \/col -->\n\t\t<\/div>\n<\/p><\/div>\n<\/section>\n<section>\n<div lc-helper=\"shortcode\" class=\"live-shortcode\"><div class=\"partners-container\"><div class=\"container\"><div class=\"row justify-content-center justify-content-lg-between align-items-center\"><div class=\"col-12\"><h2>Nos partenaires<\/h2><\/div><div class=\"col-auto col-lg col-xxl-auto landmark-athletics\"><div class=\"single-partner\"><img decoding=\"async\" src=\"https:\/\/fightclub1947.com\/wp-content\/uploads\/2023\/01\/landmark-athletics.jpg\" alt=\"Landmark Athletics\"\/><\/div><\/div><div class=\"col-auto col-lg col-xxl-auto broombox\"><div class=\"single-partner\"><img decoding=\"async\" src=\"https:\/\/fightclub1947.com\/wp-content\/uploads\/2023\/01\/broombox.jpg\" alt=\"BroomBox\"\/><\/div><\/div><div class=\"col-auto col-lg col-xxl-auto cabinet-juridique\"><div class=\"single-partner\"><img decoding=\"async\" src=\"https:\/\/fightclub1947.com\/wp-content\/uploads\/2023\/08\/logo-Recovered.jpg\" alt=\"Cabinet Juridique\"\/><\/div><\/div><div class=\"col-auto col-lg col-xxl-auto leone-1947\"><div class=\"single-partner\"><img decoding=\"async\" src=\"https:\/\/fightclub1947.com\/wp-content\/uploads\/2023\/01\/leone-1947.jpg\" alt=\"Leone 1947\"\/><\/div><\/div><div class=\"col-auto col-lg col-xxl-auto am\"><div class=\"single-partner\"><img decoding=\"async\" src=\"https:\/\/fightclub1947.com\/wp-content\/uploads\/2023\/01\/am.jpg\" alt=\"AM\"\/><\/div><\/div><div class=\"col-auto col-lg col-xxl-auto renegade-performance\"><div class=\"single-partner\"><img decoding=\"async\" src=\"https:\/\/fightclub1947.com\/wp-content\/uploads\/2023\/01\/renegade-performance.jpg\" alt=\"Renegade Performance\"\/><\/div><\/div><div class=\"col-auto col-lg col-xxl-auto mind-engineering\"><div class=\"single-partner\"><img decoding=\"async\" src=\"https:\/\/fightclub1947.com\/wp-content\/uploads\/2023\/01\/mindengineering.jpg\" alt=\"Mind Engineering\"\/><\/div><\/div><\/div><\/div><\/div><\/div>\n<\/section>\n","protected":false},"excerpt":{"rendered":"<p>R\u00e9servez votreplage horaire Cours de boxinget kickboxing Consuter l&rsquo;horaire Boutique&nbsp;en ligne D\u00e9couvrir \u00c0 propos de nosprogrammes D\u00e9couvrir \u00c0 propos de Fight Club VAUDREUIL Nous sommes fiers de vous pr\u00e9senter notre salle de boxe, un endroit o\u00f9 la poursuite de l\u2019excellence va bien au-del\u00e0 des limites du ring. Nos principaux objectifs sont d\u2019am\u00e9liorer le mode de [&hellip;]<\/p>\n","protected":false},"author":1,"featured_media":0,"parent":0,"menu_order":35,"comment_status":"closed","ping_status":"open","template":"","meta":{"_acf_changed":false,"footnotes":""},"class_list":["post-2","page","type-page","status-publish","hentry"],"acf":[],"_links":{"self":[{"href":"https:\/\/fightclub1947.com\/fr\/wp-json\/wp\/v2\/pages\/2","targetHints":{"allow":["GET"]}}],"collection":[{"href":"https:\/\/fightclub1947.com\/fr\/wp-json\/wp\/v2\/pages"}],"about":[{"href":"https:\/\/fightclub1947.com\/fr\/wp-json\/wp\/v2\/types\/page"}],"author":[{"embeddable":true,"href":"https:\/\/fightclub1947.com\/fr\/wp-json\/wp\/v2\/users\/1"}],"replies":[{"embeddable":true,"href":"https:\/\/fightclub1947.com\/fr\/wp-json\/wp\/v2\/comments?post=2"}],"version-history":[{"count":60,"href":"https:\/\/fightclub1947.com\/fr\/wp-json\/wp\/v2\/pages\/2\/revisions"}],"predecessor-version":[{"id":2518,"href":"https:\/\/fightclub1947.com\/fr\/wp-json\/wp\/v2\/pages\/2\/revisions\/2518"}],"wp:attachment":[{"href":"https:\/\/fightclub1947.com\/fr\/wp-json\/wp\/v2\/media?parent=2"}],"curies":[{"name":"wp","href":"https:\/\/api.w.org\/{rel}","templated":true}]}}