{"id":2478,"date":"2026-03-27T19:05:30","date_gmt":"2026-03-27T23:05:30","guid":{"rendered":"https:\/\/fightclub1947.com\/?post_type=product&#038;p=2478"},"modified":"2026-03-30T14:36:30","modified_gmt":"2026-03-30T18:36:30","slug":"carte-de-membre-pour-enfants-moins-de-13-ans","status":"publish","type":"product","link":"https:\/\/fightclub1947.com\/fr\/produit\/carte-de-membre-pour-enfants-moins-de-13-ans\/","title":{"rendered":"Carte de membre pour enfants ( moins de 13 ans)"},"content":{"rendered":"<p><!--<strong>Promotion disponible jusqu'au 1er Mars 2024<\/strong>--><\/p>\n<p>Abonnez-vous d\u00e8s maintenant et obtenez un acc\u00e8s illimit\u00e9 \u00e0 notre gym de boxe de haut niveau.<\/p>\n<p>Cet abonnement mensuel inclut un acc\u00e8s \u00e0 tous nos cours de boxe sans frais suppl\u00e9mentaires.<\/p>\n","protected":false},"excerpt":{"rendered":"<p>Abonnez-vous d\u00e8s maintenant et obtenez un acc\u00e8s illimit\u00e9 \u00e0 notre gym de boxe de haut niveau. Cet abonnement mensuel inclut un acc\u00e8s \u00e0 tous nos cours de boxe sans frais suppl\u00e9mentaires.<\/p>\n","protected":false},"featured_media":0,"comment_status":"open","ping_status":"closed","template":"","meta":{"_acf_changed":false},"product_brand":[],"product_cat":[36,25],"product_tag":[],"class_list":{"0":"post-2478","1":"product","2":"type-product","3":"status-publish","5":"product_cat-abonnement-membership","6":"product_cat-categorie-1","8":"first","9":"instock","10":"virtual","11":"taxable","12":"purchasable","13":"product-type-subscription"},"acf":[],"_links":{"self":[{"href":"https:\/\/fightclub1947.com\/fr\/wp-json\/wp\/v2\/product\/2478","targetHints":{"allow":["GET"]}}],"collection":[{"href":"https:\/\/fightclub1947.com\/fr\/wp-json\/wp\/v2\/product"}],"about":[{"href":"https:\/\/fightclub1947.com\/fr\/wp-json\/wp\/v2\/types\/product"}],"replies":[{"embeddable":true,"href":"https:\/\/fightclub1947.com\/fr\/wp-json\/wp\/v2\/comments?post=2478"}],"wp:attachment":[{"href":"https:\/\/fightclub1947.com\/fr\/wp-json\/wp\/v2\/media?parent=2478"}],"wp:term":[{"taxonomy":"product_brand","embeddable":true,"href":"https:\/\/fightclub1947.com\/fr\/wp-json\/wp\/v2\/product_brand?post=2478"},{"taxonomy":"product_cat","embeddable":true,"href":"https:\/\/fightclub1947.com\/fr\/wp-json\/wp\/v2\/product_cat?post=2478"},{"taxonomy":"product_tag","embeddable":true,"href":"https:\/\/fightclub1947.com\/fr\/wp-json\/wp\/v2\/product_tag?post=2478"}],"curies":[{"name":"wp","href":"https:\/\/api.w.org\/{rel}","templated":true}]}}